{"id":1850,"date":"2021-03-10T11:43:46","date_gmt":"2021-03-10T14:43:46","guid":{"rendered":"http:\/\/formarchile.cl\/?page_id=1850"},"modified":"2024-11-10T21:57:55","modified_gmt":"2024-11-11T00:57:55","slug":"aula-virtual","status":"publish","type":"page","link":"https:\/\/formarchile.cl\/?page_id=1850","title":{"rendered":"Aula Virtual"},"content":{"rendered":"\n<p>\u00a1Bienvenidos a nuestra plataforma de aula virtual! Nos complace tenerlos aqu\u00ed para iniciar esta nueva aventura de aprendizaje. En este espacio, encontrar\u00e1n recursos, materiales y actividades dise\u00f1adas para enriquecer su experiencia educativa. Les animamos a explorar, interactuar y aprovechar al m\u00e1ximo las oportunidades que ofrecemos. No duden en plantear sus consultas o comentarios; estamos aqu\u00ed para apoyarlos en su proceso de aprendizaje.<\/p>\n\n\n\n<p>Esperamos que disfruten de este viaje educativo y que cada uno de ustedes alcance sus metas acad\u00e9micas.<\/p>\n\n\n\n<p>\u00a1Comencemos juntos!<\/p>\n\n\n\n<p><strong>Para ingresar, haz clic en el siguiente bot\u00f3n:<\/strong><\/p>\n\n\n\n<div class=\"wp-block-buttons is-horizontal is-content-justification-center is-layout-flex wp-container-core-buttons-is-layout-1 wp-block-buttons-is-layout-flex\">\n<div class=\"wp-block-button has-custom-font-size is-style-fill has-normal-font-size\"><a class=\"wp-block-button__link has-white-color has-yellow-background-color has-text-color has-background wp-element-button\" href=\"https:\/\/www.formarchile.cl\/aulavirtual\/login\/index.php\" style=\"border-radius:2px\" target=\"_blank\" rel=\"noreferrer noopener\"><strong>Acceso a Plataforma Virtual<\/strong><\/a><\/div>\n<\/div>\n\n\n\n<p><\/p>\n","protected":false},"excerpt":{"rendered":"<p>\u00a1Bienvenidos a nuestra plataforma de aula virtual! Nos complace tenerlos aqu\u00ed para iniciar esta nueva aventura de aprendizaje. En este espacio, encontrar\u00e1n recursos, materiales y actividades dise\u00f1adas para enriquecer su experiencia educativa. Les animamos a explorar, interactuar y aprovechar al m\u00e1ximo las oportunidades que ofrecemos. No duden en plantear sus consultas o comentarios; estamos aqu\u00ed [&hellip;]<\/p>\n","protected":false},"author":2,"featured_media":0,"parent":0,"menu_order":3,"comment_status":"closed","ping_status":"closed","template":"","meta":{"_exactmetrics_skip_tracking":false,"_exactmetrics_sitenote_active":false,"_exactmetrics_sitenote_note":"","_exactmetrics_sitenote_category":0,"_monsterinsights_skip_tracking":false,"_monsterinsights_sitenote_active":false,"_monsterinsights_sitenote_note":"","_monsterinsights_sitenote_category":0,"footnotes":""},"class_list":["post-1850","page","type-page","status-publish","hentry"],"aioseo_notices":[],"_links":{"self":[{"href":"https:\/\/formarchile.cl\/index.php?rest_route=\/wp\/v2\/pages\/1850","targetHints":{"allow":["GET"]}}],"collection":[{"href":"https:\/\/formarchile.cl\/index.php?rest_route=\/wp\/v2\/pages"}],"about":[{"href":"https:\/\/formarchile.cl\/index.php?rest_route=\/wp\/v2\/types\/page"}],"author":[{"embeddable":true,"href":"https:\/\/formarchile.cl\/index.php?rest_route=\/wp\/v2\/users\/2"}],"replies":[{"embeddable":true,"href":"https:\/\/formarchile.cl\/index.php?rest_route=%2Fwp%2Fv2%2Fcomments&post=1850"}],"version-history":[{"count":12,"href":"https:\/\/formarchile.cl\/index.php?rest_route=\/wp\/v2\/pages\/1850\/revisions"}],"predecessor-version":[{"id":2118,"href":"https:\/\/formarchile.cl\/index.php?rest_route=\/wp\/v2\/pages\/1850\/revisions\/2118"}],"wp:attachment":[{"href":"https:\/\/formarchile.cl\/index.php?rest_route=%2Fwp%2Fv2%2Fmedia&parent=1850"}],"curies":[{"name":"wp","href":"https:\/\/api.w.org\/{rel}","templated":true}]}}