{"id":35,"date":"2024-11-09T10:08:53","date_gmt":"2024-11-09T13:08:53","guid":{"rendered":"http:\/\/formarchile.cl\/?page_id=35"},"modified":"2025-03-11T16:39:26","modified_gmt":"2025-03-11T19:39:26","slug":"noticias","status":"publish","type":"page","link":"https:\/\/formarchile.cl\/?page_id=35","title":{"rendered":"Modalidades"},"content":{"rendered":"\n<p class=\"has-text-align-left has-normal-font-size\"><strong>E-learning sincr\u00f3nico (abierto\/cerrado): <\/strong> Una opci\u00f3n eficiente para la capacitaci\u00f3n y asesor\u00eda remota, permitiendo la interacci\u00f3n en tiempo real con consultores a trav\u00e9s de video llamadas. Esta modalidad facilita el aprendizaje colaborativo y ofrece flexibilidad horaria.<\/p>\n\n\n\n<p class=\"has-text-align-left has-normal-font-size\"><strong>Presencial In Company (cerrado):<\/strong> Se llevan a cabo en las instalaciones del cliente, ya sea en la Regi\u00f3n Metropolitana o en diversas localidades de Chile, proporcionando un enfoque m\u00e1s pr\u00e1ctico y directo.<\/p>\n\n\n\n<p class=\"has-text-align-left has-normal-font-size\"><strong>Personalizado (cerrado): <\/strong> Responde a las necesidades espec\u00edficas de cada cliente, asegurando que el contenido sea relevante y aplicable a su contexto particular. <\/p>\n\n\n\n<p class=\"has-small-font-size\">*curso abierto: participan personas de diversas empresas.<\/p>\n\n\n\n<p class=\"has-small-font-size\">*curso cerrado: exclusivos para personas de una misma organizaci\u00f3n.<\/p>\n","protected":false},"excerpt":{"rendered":"<p>E-learning sincr\u00f3nico (abierto\/cerrado): Una opci\u00f3n eficiente para la capacitaci\u00f3n y asesor\u00eda remota, permitiendo la interacci\u00f3n en tiempo real con consultores a trav\u00e9s de video llamadas. Esta modalidad facilita el aprendizaje colaborativo y ofrece flexibilidad horaria. Presencial In Company (cerrado): Se llevan a cabo en las instalaciones del cliente, ya sea en la Regi\u00f3n Metropolitana o [&hellip;]<\/p>\n","protected":false},"author":1,"featured_media":0,"parent":0,"menu_order":2,"comment_status":"closed","ping_status":"closed","template":"","meta":{"_exactmetrics_skip_tracking":false,"_exactmetrics_sitenote_active":false,"_exactmetrics_sitenote_note":"","_exactmetrics_sitenote_category":0,"_monsterinsights_skip_tracking":false,"_monsterinsights_sitenote_active":false,"_monsterinsights_sitenote_note":"","_monsterinsights_sitenote_category":0,"footnotes":""},"class_list":["post-35","page","type-page","status-publish","hentry"],"aioseo_notices":[],"_links":{"self":[{"href":"https:\/\/formarchile.cl\/index.php?rest_route=\/wp\/v2\/pages\/35","targetHints":{"allow":["GET"]}}],"collection":[{"href":"https:\/\/formarchile.cl\/index.php?rest_route=\/wp\/v2\/pages"}],"about":[{"href":"https:\/\/formarchile.cl\/index.php?rest_route=\/wp\/v2\/types\/page"}],"author":[{"embeddable":true,"href":"https:\/\/formarchile.cl\/index.php?rest_route=\/wp\/v2\/users\/1"}],"replies":[{"embeddable":true,"href":"https:\/\/formarchile.cl\/index.php?rest_route=%2Fwp%2Fv2%2Fcomments&post=35"}],"version-history":[{"count":17,"href":"https:\/\/formarchile.cl\/index.php?rest_route=\/wp\/v2\/pages\/35\/revisions"}],"predecessor-version":[{"id":2291,"href":"https:\/\/formarchile.cl\/index.php?rest_route=\/wp\/v2\/pages\/35\/revisions\/2291"}],"wp:attachment":[{"href":"https:\/\/formarchile.cl\/index.php?rest_route=%2Fwp%2Fv2%2Fmedia&parent=35"}],"curies":[{"name":"wp","href":"https:\/\/api.w.org\/{rel}","templated":true}]}}