{"id":8,"date":"2024-11-10T21:55:57","date_gmt":"2024-11-11T00:55:57","guid":{"rendered":"http:\/\/formarchile.cl\/?page_id=8"},"modified":"2025-03-11T16:39:53","modified_gmt":"2025-03-11T19:39:53","slug":"cursos","status":"publish","type":"page","link":"https:\/\/formarchile.cl\/?page_id=8","title":{"rendered":"Cursos Cerrados"},"content":{"rendered":"<p>Tenemos el agrado de presentar el listado de capacitaciones en modalidad cerrada (disponible para realizar en empresa o nuestras instalaciones, para un grupo de personas de una misma organizaci\u00f3n):<\/p>\n<p><strong>CURSOS \u00c1REAS INDUSTRIA QU\u00cdMICA Y ALIMENTARIA<\/strong><br \/>\nCAQ01 Buenas Pr\u00e1cticas de Manufactura<br \/>\nCAQ02 Buenas Pr\u00e1cticas de Fabricaci\u00f3n<br \/>\nCAQ03 Buenas Pr\u00e1cticas de Almacenamiento y Distribuci\u00f3n (Norma T\u00e9cnica 147)<br \/>\nCAQ04 Buenas Pr\u00e1cticas de Documentaci\u00f3n<br \/>\nCAQ05 Buenas Pr\u00e1cticas de Validaci\u00f3n<br \/>\nCAQ06 Buenas Pr\u00e1cticas de Envase Empaque<br \/>\nCAQ07 Buenas Pr\u00e1cticas en Laboratorios de Control de Calidad (Norma T\u00e9cnica 139)<br \/>\nCAQ08 Buenas Pr\u00e1cticas en Laboratorios de Microbiolog\u00eda<br \/>\nCAQ09 Buenas Pr\u00e1cticas en la Inspecci\u00f3n de Envases<br \/>\nCAQ10 Buenas Pr\u00e1cticas en el Pesaje de Materias Primas<br \/>\nCAQ11 Buenas Pr\u00e1cticas en Recetario Magistral<br \/>\nCAQ12 Validaci\u00f3n de Metodolog\u00edas Anal\u00edticas<br \/>\nCAQ13 Validaci\u00f3n de Limpieza de Equipos<br \/>\nCAQ14 Validaci\u00f3n de Metodolog\u00edas Microbiol\u00f3gicas<br \/>\nCAQ15 Aspectos Microbiol\u00f3gicos y An\u00e1lisis de aguas para uso farmac\u00e9utico<br \/>\nCAQ16 Calidad de agua y Contaminaci\u00f3n<br \/>\nCAQ17 Gesti\u00f3n de Residuos y enmiendas org\u00e1nicas<br \/>\nCAQ18 Estad\u00edstica Aplicada al Control de calidad<br \/>\nCAQ19 Formaci\u00f3n de Auditores Internos GMP<br \/>\nCAQ20 Sistemas de Calidad: Metrolog\u00eda, Normas Internacionales, sus requerimientos<br \/>\nCAQ21 T\u00e9cnicas de Muestreo Bajo la Norma 44<br \/>\nCAQ22 Aplicaci\u00f3n de Cromatograf\u00eda L\u00edquida en HPLC<br \/>\nCAQ23 Aplicaci\u00f3n de Cromatograf\u00eda Gaseosa<br \/>\nCAQ24 Espectroscopia en Absorci\u00f3n At\u00f3mica<br \/>\nCAQ25 An\u00e1lisis de Riesgo en la Industria Farmac\u00e9utica<br \/>\nCAQ26 Higiene en la Manipulaci\u00f3n de Alimentos<br \/>\nCAQ27 An\u00e1lisis de Peligros y Control de Puntos Cr\u00edticos HACCP<br \/>\nCAQ28 Limpieza y Sanitizaci\u00f3n en la Industria Alimentaria<br \/>\nCAQ29 Rotulaci\u00f3n y Etiquetado Nutricional<br \/>\nCAQ30 Food Defense<br \/>\nCAQ31 Mejora Continua de Procesos<br \/>\nCAQ32 Verificaci\u00f3n y Validaci\u00f3n de Sistemas de Inocuidad<br \/>\nCAQ33 Implementaci\u00f3n de Modelos de Gesti\u00f3n ISO 17015<br \/>\nCAQ34 Formaci\u00f3n de Auditores Internos ISO 19001<\/p>\n<p><strong>CURSOS \u00c1REAS TECNOLOG\u00cdAS DE LA INFORMACI\u00d3N<\/strong><br \/>\nCAT01 Cisco Routing &amp; Switching (CCNA)<br \/>\nCAT02 Cisco Routing &amp; Switching (CCNP)<br \/>\nCAT03 Cisco CCNA Security<br \/>\nCAT04 Cisco CCNP Security<br \/>\nCAT05 Cisco Design (CCDA)<br \/>\nCAT06 Uso de Microsoft Office 2007\/2013<br \/>\nCAT07 Uso de Excel 2007\/2013<br \/>\nCAT08 Uso de Word 2007\/2013<br \/>\nCAT09 Uso de Power Point 2007\/2013<br \/>\nCAT10 Uso de Outlook 2007\/2013<br \/>\nCAT11 Programaci\u00f3n en Java<br \/>\nCAT12 Programaci\u00f3n en PHP<br \/>\nCAT13 Programaci\u00f3n en Visual.NET<br \/>\nCAT14 Microsoft Windows Server<\/p>\n<p><strong>CURSOS \u00c1REAS DESARROLLO Y FORTALECIMIENTO DE LA ORGANIZACI\u00d3N<\/strong><br \/>\nCAD01 Desarrollo de Habilidades para Ejercer Liderazgo<br \/>\nCAD02 Desarrollo de Habilidades para el Trabajo en Equipo<br \/>\nCAD03 Desarrollo de Habilidades para la Comunicaci\u00f3n Efectiva<br \/>\nCAD04 Atenci\u00f3n al Cliente e Imagen Corporativa<br \/>\nCAD05 Desarrollo de Habilidades para la Resoluci\u00f3n de Conflictos<br \/>\nCAD06 Introducci\u00f3n a la Norma ISO:9001<br \/>\nCAD07 Implementaci\u00f3n de la Norma ISO:9001<br \/>\nCAD08 Introducci\u00f3n al Sistema Productivo<br \/>\nCAD09 Prevenci\u00f3n de Riesgos<br \/>\nCAD10 Introducci\u00f3n al Sistema de Mantenci\u00f3n Aut\u00f3noma TPM<br \/>\nCAD11 Implementaci\u00f3n al Sistema de Mantenci\u00f3n Aut\u00f3noma TPM<br \/>\nCAD12 Formaci\u00f3n de Instructores Internos<br \/>\nCAD13 Resoluci\u00f3n y Planteamiento de Problemas 5M<br \/>\nCAD14 Telemarketing para Empresas de Servicios<br \/>\nCAD15 T\u00e9cnicas de Excelencia Operacional<br \/>\nCAD16 Seguridad Norma ISO 14000\/18000\/55000<\/p>\n<p><strong>CURSOS \u00c1REAS LOG\u00cdSTICA Y PROCESOS INDUSTRIALES<\/strong><br \/>\nCAL01 Operaci\u00f3n y Mantenci\u00f3n de Gr\u00faa Horquilla<br \/>\nCAL02 Operaci\u00f3n de Equipos de Levante<br \/>\nCAL03 Administraci\u00f3n de Bodegas<br \/>\nCAL04 Gesti\u00f3n de Bodegas y Control de Inventario<br \/>\nCAL05 Log\u00edstica<br \/>\nCAL06 Mec\u00e1nica<br \/>\nCAL07 Lubricaci\u00f3n<br \/>\nCAL08 Operaci\u00f3n y Mantenci\u00f3n de Caldera<br \/>\nCAL09 Refrigeraci\u00f3n Industrial<br \/>\nCAL10 Controladores de L\u00f3gica Programable<br \/>\nCAL11 Formaci\u00f3n de Rigger<br \/>\nCAL12 Electricidad B\u00e1sica Aplicada a la Mantenci\u00f3n Preventiva<br \/>\nCAL13 Manejo a la Defensiva<br \/>\nCAL14 Manejo de Sustancias Peligrosas<\/p>\n<p>Si se requiere alg\u00fan curso a medida favor enviar correo a <strong>contacto@formarchile.cl<\/strong>.<\/p>\n<p><script>\/\/ <![CDATA[ (function(i,s,o,g,r,a,m){i['GoogleAnalyticsObject']=r;i[r]=i[r]||function(){ (i[r].q=i[r].q||[]).push(arguments)},i[r].l=1*new Date();a=s.createElement(o), m=s.getElementsByTagName(o)[0];a.async=1;a.src=g;m.parentNode.insertBefore(a,m) })(window,document,'script','\/\/www.google-analytics.com\/analytics.js','ga'); ga('create', 'UA-61668101-1', 'auto'); ga('send', 'pageview'); \/\/ ]]><\/script><\/p>\n","protected":false},"excerpt":{"rendered":"<p>Tenemos el agrado de presentar el listado de capacitaciones en modalidad cerrada (disponible para realizar en empresa o nuestras instalaciones, para un grupo de personas de una misma organizaci\u00f3n): CURSOS \u00c1REAS INDUSTRIA QU\u00cdMICA Y ALIMENTARIA CAQ01 Buenas Pr\u00e1cticas de Manufactura CAQ02 Buenas Pr\u00e1cticas de Fabricaci\u00f3n CAQ03 Buenas Pr\u00e1cticas de Almacenamiento y Distribuci\u00f3n (Norma T\u00e9cnica 147) [&hellip;]<\/p>\n","protected":false},"author":1,"featured_media":0,"parent":0,"menu_order":2,"comment_status":"closed","ping_status":"closed","template":"","meta":{"_exactmetrics_skip_tracking":false,"_exactmetrics_sitenote_active":false,"_exactmetrics_sitenote_note":"","_exactmetrics_sitenote_category":0,"_monsterinsights_skip_tracking":false,"_monsterinsights_sitenote_active":false,"_monsterinsights_sitenote_note":"","_monsterinsights_sitenote_category":0,"footnotes":""},"class_list":["post-8","page","type-page","status-publish","hentry"],"aioseo_notices":[],"_links":{"self":[{"href":"https:\/\/formarchile.cl\/index.php?rest_route=\/wp\/v2\/pages\/8","targetHints":{"allow":["GET"]}}],"collection":[{"href":"https:\/\/formarchile.cl\/index.php?rest_route=\/wp\/v2\/pages"}],"about":[{"href":"https:\/\/formarchile.cl\/index.php?rest_route=\/wp\/v2\/types\/page"}],"author":[{"embeddable":true,"href":"https:\/\/formarchile.cl\/index.php?rest_route=\/wp\/v2\/users\/1"}],"replies":[{"embeddable":true,"href":"https:\/\/formarchile.cl\/index.php?rest_route=%2Fwp%2Fv2%2Fcomments&post=8"}],"version-history":[{"count":75,"href":"https:\/\/formarchile.cl\/index.php?rest_route=\/wp\/v2\/pages\/8\/revisions"}],"predecessor-version":[{"id":2292,"href":"https:\/\/formarchile.cl\/index.php?rest_route=\/wp\/v2\/pages\/8\/revisions\/2292"}],"wp:attachment":[{"href":"https:\/\/formarchile.cl\/index.php?rest_route=%2Fwp%2Fv2%2Fmedia&parent=8"}],"curies":[{"name":"wp","href":"https:\/\/api.w.org\/{rel}","templated":true}]}}